{"id":943,"date":"2023-07-19T17:54:07","date_gmt":"2023-07-19T15:54:07","guid":{"rendered":"https:\/\/bpost.manpower.be\/declaration-sur-les-cookies-et-la-publicite\/"},"modified":"2024-02-23T10:01:40","modified_gmt":"2024-02-23T09:01:40","slug":"notification-en-matiere-publicitaire-et-de-cookies","status":"publish","type":"page","link":"https:\/\/bpost.manpower.be\/fr\/notification-en-matiere-publicitaire-et-de-cookies\/","title":{"rendered":"Notification en mati\u00e8re publicitaire et de cookies"},"content":{"rendered":"<section class=\"b-block b-editor text-left pt-6 md:pt-12 lg:pt-14 xl:pt-20 pb-6 md:pb-12 lg:pb-14 xl:pb-20\">\n    <div class=\"container\">\n                    <h2 class=\"mb-4 md:mb-6\">Notification en mati\u00e8re publicitaire et de cookies<\/h2>\n                            <p>&nbsp;<\/p>\n<p><strong>Politique en mati\u00e8re de cookies <\/strong>\u00a0\u00a0\u00a0\u00a0\u00a0\u00a0\u00a0\u00a0\u00a0\u00a0\u00a0\u00a0\u00a0\u00a0\u00a0\u00a0\u00a0\u00a0\u00a0\u00a0\u00a0\u00a0\u00a0\u00a0\u00a0\u00a0\u00a0\u00a0\u00a0\u00a0\u00a0\u00a0\u00a0\u00a0\u00a0\u00a0\u00a0\u00a0\u00a0\u00a0\u00a0\u00a0\u00a0\u00a0\u00a0\u00a0\u00a0\u00a0\u00a0\u00a0\u00a0\u00a0\u00a0 Version novembre 2023<\/p>\n<p>&nbsp;<\/p>\n<p>Les d\u00e9finitions suivantes s&rsquo;appliquent \u00e0 la pr\u00e9sente politique en mati\u00e8re de cookies :<\/p>\n<p>Nous\u00a0\u00bb : Manpower Belgium NV, dont le si\u00e8ge social est situ\u00e9 Avenue de la Gemeenschappen 110, 1200 Bruxelles, Belgique.<\/p>\n<p>Utilisateur \u00a0\u00bb ou \u00a0\u00bb Vous \u00a0\u00bb d\u00e9signe toute personne physique (B2C) ou morale (B2B) qui est ou sera dans une relation contractuelle de quelque nature que ce soit avec \u00a0\u00bb Manpower \u00a0\u00bb par le biais de sa plate-forme en ligne.<\/p>\n<p>&nbsp;<\/p>\n<p>Cliquez sur les liens ci-dessous pour acc\u00e9der \u00e0 la section correspondante :<\/p>\n<ul>\n<li><a href=\"#1\">Param\u00e8tres des cookies OneTrust<\/a><\/li>\n<li><a href=\"#2\">Comment nous collectons des informations par le biais de cookies<\/a><\/li>\n<li><a href=\"#3\">\u00c0 quoi servent les informations que nous recueillons ?<\/a><\/li>\n<li><a href=\"#4\">Liens vers des sites web, applications et services de tiers<\/a><\/li>\n<li><a href=\"#5\">Comment puis-je voir quels cookies ont \u00e9t\u00e9 install\u00e9s sur mon appareil et les supprimer ?<\/a><\/li>\n<li><a href=\"#6\">Mises \u00e0 jour de notre politique en mati\u00e8re de cookies<\/a><\/li>\n<li><a href=\"#7\">Contact<\/a><\/li>\n<\/ul>\n<p>&nbsp;<\/p>\n<div id=\"1\"><strong><u>Param\u00e8tres des cookies OneTrust<\/u><\/strong><\/div>\n<p>Nous utilisons OneTrust sur nos sites web pour g\u00e9rer vos pr\u00e9f\u00e9rences et param\u00e8tres en mati\u00e8re de cookies. Vous pouvez modifier vos param\u00e8tres \u00e0 tout moment en cliquant sur le lien suivant:<\/p>\n<p><!-- OneTrust Cookies Settings button start --><br \/>\n<button id=\"ot-sdk-btn\" class=\"ot-sdk-show-settings\">Cookie Settings<\/button><br \/>\n<!-- OneTrust Cookies Settings button end --><\/p>\n<p>Lorsque vous visitez nos sites web (\u00ab\u00a0sites web\u00a0\u00bb), nous pouvons collecter automatiquement des informations par le biais, par exemple, de cookies, de balises web et de journaux de serveurs web. Les informations que nous pouvons collecter de cette mani\u00e8re comprennent l&rsquo;adresse IP, l&rsquo;identifiant unique de l&rsquo;appareil (udid), des informations sur le navigateur, l&rsquo;appareil, le syst\u00e8me d&rsquo;exploitation utilis\u00e9, les pr\u00e9f\u00e9rences linguistiques, les URL de r\u00e9f\u00e9rence, des informations sur les actions effectu\u00e9es sur notre site web, la date et l&rsquo;heure des visites sur nos sites web et d&rsquo;autres statistiques sur les utilisateurs.<\/p>\n<p>Un \u00ab\u00a0<strong>cookie<\/strong>\u00a0\u00bb est un fichier que les sites web envoient \u00e0 l&rsquo;ordinateur de l&rsquo;utilisateur ou \u00e0 un autre appareil connect\u00e9 \u00e0 Internet pour identifier le navigateur du visiteur ou pour stocker des informations ou des param\u00e8tres dans le navigateur.<\/p>\n<p>Une \u00ab\u00a0<strong>balise web\u00a0\u00bb, \u00e9galement connue sous le nom de \u00ab\u00a0balise internet\u00a0\u00bb, \u00ab\u00a0balise pixel\u00a0\u00bb ou \u00ab\u00a0GIF clair\u00a0\u00bb, renvoie les pages web \u00e0 des <\/strong>serveurs web et \u00e0 leurs cookies, et est utilis\u00e9e pour renvoyer les informations collect\u00e9es par les cookies \u00e0 un serveur web. L&rsquo;utilisation de ces m\u00e9thodes de collecte automatique nous fournit ce que l&rsquo;on appelle des \u00ab\u00a0donn\u00e9es de parcours\u00a0\u00bb, c&rsquo;est-\u00e0-dire un enregistrement des liens et autres contenus sur lesquels un visiteur clique lorsqu&rsquo;il visite un site web.<\/p>\n<p>Nos sites web utilisent les types de cookies suivants :<\/p>\n<p><strong>a) Cookies techniques (cookies fonctionnels)<\/strong><\/p>\n<p>Ces types de cookies sont n\u00e9cessaires pour des raisons purement techniques afin de visiter nos sites web. En raison de la n\u00e9cessit\u00e9 technique, <strong>seule une obligation d&rsquo;information <\/strong>s&rsquo;applique et ces cookies sont install\u00e9s d\u00e8s que vous visitez le site web.<\/p>\n<p><strong>b) Cookies analytiques <\/strong><\/p>\n<p>Les cookies analytiques nous permettent de mieux comprendre les performances du site web. Si les donn\u00e9es restent anonymes, nous <strong>n&rsquo;avons pas besoin de votre consentement <\/strong>pour placer ces cookies.<\/p>\n<p><strong>c) Cookies de suivi<\/strong><\/p>\n<p>Les cookies de suivi sont con\u00e7us pour cr\u00e9er le profil d&rsquo;un internaute. Ces cookies sont plac\u00e9s temporairement sur votre appareil <strong>sous r\u00e9serve de votre consentement<\/strong> et suivent votre comportement de navigation sur diff\u00e9rents sites web.<\/p>\n<p>Il peut s&rsquo;agir de <u>cookies de premi\u00e8re partie <\/u>(cookies du site web que vous visitez lorsque vous acceptez le navigateur de cookies) ou de <u>cookies de tierce<\/u> <u>partie <\/u>(cookies de tiers, tels que les annonceurs). Cela permet aux organisations ou aux annonceurs de vous montrer des publicit\u00e9s personnalis\u00e9es \u00e0 une date ult\u00e9rieure.<\/p>\n<p>&nbsp;<\/p>\n<div id=\"2\"><strong><u>Comment nous collectons des informations par des cookies<\/u><\/strong><\/div>\n<p>Lorsque vous cliquez sur nos sites web, un rapport sur les actions entreprises est collect\u00e9 et stock\u00e9. Nous relions certains \u00e9l\u00e9ments de donn\u00e9es que nous avons collect\u00e9s, tels que les informations relatives \u00e0 votre navigateur, \u00e0 d&rsquo;autres informations que nous d\u00e9tenons \u00e0 votre sujet, de sorte que nous puissions, par exemple, conna\u00eetre vos pr\u00e9f\u00e9rences linguistiques et les ajuster lors de votre prochaine visite sur nos sites web.<\/p>\n<p>Votre navigateur vous donnera la possibilit\u00e9 de ne pas autoriser l&rsquo;utilisation de cookies, mais il se peut alors que vous ne puissiez pas utiliser toutes les fonctionnalit\u00e9s de nos sites web. Dans la mesure o\u00f9 le droit applicable l&rsquo;exige, nous vous demanderons votre consentement avant de collecter des donn\u00e9es \u00e0 caract\u00e8re personnel vous concernant par des cookies ou de m\u00e9canismes de suivi similaires, en fonction du type de cookies.<\/p>\n<p>Les tiers qui fournissent des applications, des outils, des widgets et des plug-ins, tels que des outils permettant de partager des informations sur les m\u00e9dias sociaux, sur nos sites web peuvent collecter des informations sur l&rsquo;utilisation que vous faites de ces fonctionnalit\u00e9s. Ces informations sont collect\u00e9es directement par les fournisseurs de ces fonctionnalit\u00e9s. Elles sont soumises aux politiques de confidentialit\u00e9 de ces fournisseurs. Sauf disposition contraire de la loi applicable, ManpowerGroup n&rsquo;est pas responsable du traitement des informations par ces fournisseurs.<\/p>\n<p>Dans la mesure o\u00f9 la l\u00e9gislation applicable l&rsquo;exige, nous vous demanderons votre consentement avant de collecter des informations vous concernant au moyen de cookies ou de m\u00e9canismes de suivi similaires.<\/p>\n<div id=\"3\"><strong><u>\u00c0 quoi servent les informations que nous recueillons ?<\/u><\/strong><\/div>\n<p>Nous utilisons les informations obtenues par le biais de cookies, de balises web, de pixels et de journaux de serveurs web pour :<\/p>\n<p>(i) adapter nos sites web \u00e0 nos utilisateurs ;<\/p>\n<p>(ii) fournir un contenu adapt\u00e9 aux int\u00e9r\u00eats de nos utilisateurs et \u00e0 la fa\u00e7on dont ils utilisent notre site web ; et<\/p>\n<p>(iii) la gestion de nos sites web et d&rsquo;autres aspects de notre activit\u00e9.<\/p>\n<p>&nbsp;<\/p>\n<div id=\"4\"><strong><u>Liens vers des sites web, applications et services de tiers<\/u><\/strong><\/div>\n<p>Pour votre commodit\u00e9 et pour vous fournir des informations, nos sites Web peuvent contenir des liens vers des sites, des applications et des services qui peuvent \u00eatre offerts par des soci\u00e9t\u00e9s non affili\u00e9es \u00e0 ManpowerGroup. Ceux-ci poss\u00e8dent leurs propres politiques de confidentialit\u00e9, et nous vous encourageons vivement \u00e0 lire ces politiques. Nous ne sommes pas responsables du traitement des donn\u00e9es personnelles par les sites, applications et services non propos\u00e9s par ManpowerGroup.<\/p>\n<div id=\"5\"><strong><u>Comment puis-je voir quels cookies ont \u00e9t\u00e9 install\u00e9s sur mon appareil et les supprimer ?<\/u><\/strong><\/div>\n<p>Vous pouvez facilement retirer votre consentement en modifiant votre choix dans les param\u00e8tres relatifs aux cookies qui se trouvent en haut de la pr\u00e9sente politique en mati\u00e8re de cookies.<\/p>\n<p>Si vous souhaitez savoir quels cookies ont \u00e9t\u00e9 plac\u00e9s sur votre appareil ou si vous souhaitez les supprimer, vous pouvez utiliser un param\u00e8tre de votre navigateur. Les liens ci-dessous vous donneront plus d&rsquo;explications sur la mani\u00e8re de proc\u00e9der.<\/p>\n<div class=\"table-responsive\"><table class=\"table table-bordered table-hover\" width=\"920\">\n<tbody>\n<tr>\n<td><a href=\"https:\/\/support.mozilla.org\/nl\/kb\/cookies-verwijderen-gegevens-wissen-websites-opgeslagen\">Firefox<\/a><\/td>\n<td><a href=\"https:\/\/support.google.com\/chrome\/answer\/95647?hl=nl\" target=\"_blank\" rel=\"noopener\">Chrome<\/a><\/td>\n<td><a href=\"https:\/\/support.apple.com\/nl-be\/guide\/safari\/sfri11471\/mac\" target=\"_blank\" rel=\"noopener\">Safari<\/a><\/td>\n<td><a href=\"https:\/\/support.microsoft.com\/nl-nl\/microsoft-edge\/cookies-verwijderen-in-microsoft-edge-63947406-40ac-c3b8-57b9-2a946a29ae09\" target=\"_blank\" rel=\"noopener\">Microsoft Edge<\/a><\/td>\n<\/tr>\n<tr>\n<td><a href=\"https:\/\/support.mozilla.org\/nl\/kb\/cookies-privegegevens-geschiedenis-instellingen-wissen\" target=\"_blank\" rel=\"noopener\">Firefox<\/a>\u00a0(mobile)<\/td>\n<td><a href=\"https:\/\/support.google.com\/chrome\/answer\/95647?hl=nl\" target=\"_blank\" rel=\"noopener\">Chrome<\/a>\u00a0(mobile)<\/td>\n<td><a href=\"https:\/\/support.apple.com\/nl-be\/HT201265\" target=\"_blank\" rel=\"noopener\">Safari\u00a0<\/a>(mobile)<\/td>\n<td><a href=\"https:\/\/support.microsoft.com\/nl-be\/help\/4027947\/microsoft-edge-delete-cookies\" target=\"_blank\" rel=\"noopener\">Microsoft Edge<\/a>\u00a0(mobile)<\/td>\n<\/tr>\n<\/tbody>\n<\/table><\/div>\n<p>Vous utilisez un autre navigateur ? V\u00e9rifiez si la proc\u00e9dure correspondant \u00e0 votre navigateur est indiqu\u00e9e sur le site web <a href=\"http:\/\/www.allaboutcookies.org\/manage-cookies\">www.allaboutcookies.org\/manage-cookies.<\/a> Ce site n&rsquo;existe qu&rsquo;en anglais.<\/p>\n<div id=\"6\"><strong>Mises \u00e0 jour de notre politique en mati\u00e8re de cookies<\/strong><\/div>\n<p>La pr\u00e9sente politique en mati\u00e8re de cookies (y compris tout suppl\u00e9ment) fait partie de notre d\u00e9claration de confidentialit\u00e9 et peut \u00eatre mise \u00e0 jour p\u00e9riodiquement pour refl\u00e9ter les modifications apport\u00e9es \u00e0 nos pratiques en mati\u00e8re de confidentialit\u00e9 et aux exigences l\u00e9gales. Si des modifications importantes sont apport\u00e9es, nous vous en informerons en publiant un avis clairement visible sur nos sites web, en haut de chaque politique, la derni\u00e8re modification \u00e9tant indiqu\u00e9e.<\/p>\n<div id=\"7\"><strong>Contact<\/strong><\/div>\n<p>Si vous avez des questions ou des r\u00e9clamations concernant notre politique en mati\u00e8re de cookies, veuillez contacter <a href=\"mailto:privacy@manpower.be\">privacy@manpower.be<\/a> ou directement avec le D\u00e9l\u00e9gu\u00e9 \u00e0 la protection des donn\u00e9es \u00e0 l&rsquo;adresse suivante : dpo@manpower.be.<\/p>\n<p>Vous avez le droit de d\u00e9poser une plainte aupr\u00e8s de l&rsquo;autorit\u00e9 de contr\u00f4le, l&rsquo;Autorit\u00e9 de protection des donn\u00e9es : <a href=\"https:\/\/www.autoriteprotectiondonnees.be\">https:\/\/www.autoriteprotectiondonnees.be<\/a>.<\/p>\n<p>&nbsp;<\/p>\n<p>&nbsp;<\/p>\n            <\/div>\n<\/section>\n","protected":false},"excerpt":{"rendered":"","protected":false},"author":8,"featured_media":0,"parent":0,"menu_order":0,"comment_status":"closed","ping_status":"closed","template":"","meta":{"footnotes":""},"class_list":["post-943","page","type-page","status-publish","hentry"],"acf":[],"yoast_head":"<!-- This site is optimized with the Yoast SEO plugin v26.9 - https:\/\/yoast.com\/product\/yoast-seo-wordpress\/ -->\n<title>Notification en mati\u00e8re publicitaire et de cookies - Bpost - Manpower Belgium<\/title>\n<meta name=\"robots\" content=\"index, follow, max-snippet:-1, max-image-preview:large, max-video-preview:-1\" \/>\n<link rel=\"canonical\" href=\"https:\/\/bpost.manpower.be\/fr\/notification-en-matiere-publicitaire-et-de-cookies\/\" \/>\n<meta property=\"og:locale\" content=\"fr_FR\" \/>\n<meta property=\"og:type\" content=\"article\" \/>\n<meta property=\"og:title\" content=\"Notification en mati\u00e8re publicitaire et de cookies - Bpost - Manpower Belgium\" \/>\n<meta property=\"og:url\" content=\"https:\/\/bpost.manpower.be\/fr\/notification-en-matiere-publicitaire-et-de-cookies\/\" \/>\n<meta property=\"og:site_name\" content=\"Bpost - Manpower Belgium\" \/>\n<meta property=\"article:modified_time\" content=\"2024-02-23T09:01:40+00:00\" \/>\n<meta name=\"twitter:card\" content=\"summary_large_image\" \/>\n<script type=\"application\/ld+json\" class=\"yoast-schema-graph\">{\"@context\":\"https:\/\/schema.org\",\"@graph\":[{\"@type\":\"WebPage\",\"@id\":\"https:\/\/bpost.manpower.be\/fr\/notification-en-matiere-publicitaire-et-de-cookies\/\",\"url\":\"https:\/\/bpost.manpower.be\/fr\/notification-en-matiere-publicitaire-et-de-cookies\/\",\"name\":\"Notification en mati\u00e8re publicitaire et de cookies - Bpost - Manpower Belgium\",\"isPartOf\":{\"@id\":\"https:\/\/bpost.manpower.be\/#website\"},\"datePublished\":\"2023-07-19T15:54:07+00:00\",\"dateModified\":\"2024-02-23T09:01:40+00:00\",\"breadcrumb\":{\"@id\":\"https:\/\/bpost.manpower.be\/fr\/notification-en-matiere-publicitaire-et-de-cookies\/#breadcrumb\"},\"inLanguage\":\"fr-FR\",\"potentialAction\":[{\"@type\":\"ReadAction\",\"target\":[\"https:\/\/bpost.manpower.be\/fr\/notification-en-matiere-publicitaire-et-de-cookies\/\"]}]},{\"@type\":\"BreadcrumbList\",\"@id\":\"https:\/\/bpost.manpower.be\/fr\/notification-en-matiere-publicitaire-et-de-cookies\/#breadcrumb\",\"itemListElement\":[{\"@type\":\"ListItem\",\"position\":1,\"name\":\"Home\",\"item\":\"https:\/\/bpost.manpower.be\/fr\/\"},{\"@type\":\"ListItem\",\"position\":2,\"name\":\"Notification en mati\u00e8re publicitaire et de cookies\"}]},{\"@type\":\"WebSite\",\"@id\":\"https:\/\/bpost.manpower.be\/#website\",\"url\":\"https:\/\/bpost.manpower.be\/\",\"name\":\"Bpost - Manpower Belgium\",\"description\":\"\",\"potentialAction\":[{\"@type\":\"SearchAction\",\"target\":{\"@type\":\"EntryPoint\",\"urlTemplate\":\"https:\/\/bpost.manpower.be\/?s={search_term_string}\"},\"query-input\":{\"@type\":\"PropertyValueSpecification\",\"valueRequired\":true,\"valueName\":\"search_term_string\"}}],\"inLanguage\":\"fr-FR\"}]}<\/script>\n<!-- \/ Yoast SEO plugin. -->","yoast_head_json":{"title":"Notification en mati\u00e8re publicitaire et de cookies - Bpost - Manpower Belgium","robots":{"index":"index","follow":"follow","max-snippet":"max-snippet:-1","max-image-preview":"max-image-preview:large","max-video-preview":"max-video-preview:-1"},"canonical":"https:\/\/bpost.manpower.be\/fr\/notification-en-matiere-publicitaire-et-de-cookies\/","og_locale":"fr_FR","og_type":"article","og_title":"Notification en mati\u00e8re publicitaire et de cookies - Bpost - Manpower Belgium","og_url":"https:\/\/bpost.manpower.be\/fr\/notification-en-matiere-publicitaire-et-de-cookies\/","og_site_name":"Bpost - Manpower Belgium","article_modified_time":"2024-02-23T09:01:40+00:00","twitter_card":"summary_large_image","schema":{"@context":"https:\/\/schema.org","@graph":[{"@type":"WebPage","@id":"https:\/\/bpost.manpower.be\/fr\/notification-en-matiere-publicitaire-et-de-cookies\/","url":"https:\/\/bpost.manpower.be\/fr\/notification-en-matiere-publicitaire-et-de-cookies\/","name":"Notification en mati\u00e8re publicitaire et de cookies - Bpost - Manpower Belgium","isPartOf":{"@id":"https:\/\/bpost.manpower.be\/#website"},"datePublished":"2023-07-19T15:54:07+00:00","dateModified":"2024-02-23T09:01:40+00:00","breadcrumb":{"@id":"https:\/\/bpost.manpower.be\/fr\/notification-en-matiere-publicitaire-et-de-cookies\/#breadcrumb"},"inLanguage":"fr-FR","potentialAction":[{"@type":"ReadAction","target":["https:\/\/bpost.manpower.be\/fr\/notification-en-matiere-publicitaire-et-de-cookies\/"]}]},{"@type":"BreadcrumbList","@id":"https:\/\/bpost.manpower.be\/fr\/notification-en-matiere-publicitaire-et-de-cookies\/#breadcrumb","itemListElement":[{"@type":"ListItem","position":1,"name":"Home","item":"https:\/\/bpost.manpower.be\/fr\/"},{"@type":"ListItem","position":2,"name":"Notification en mati\u00e8re publicitaire et de cookies"}]},{"@type":"WebSite","@id":"https:\/\/bpost.manpower.be\/#website","url":"https:\/\/bpost.manpower.be\/","name":"Bpost - Manpower Belgium","description":"","potentialAction":[{"@type":"SearchAction","target":{"@type":"EntryPoint","urlTemplate":"https:\/\/bpost.manpower.be\/?s={search_term_string}"},"query-input":{"@type":"PropertyValueSpecification","valueRequired":true,"valueName":"search_term_string"}}],"inLanguage":"fr-FR"}]}},"_links":{"self":[{"href":"https:\/\/bpost.manpower.be\/fr\/wp-json\/wp\/v2\/pages\/943","targetHints":{"allow":["GET"]}}],"collection":[{"href":"https:\/\/bpost.manpower.be\/fr\/wp-json\/wp\/v2\/pages"}],"about":[{"href":"https:\/\/bpost.manpower.be\/fr\/wp-json\/wp\/v2\/types\/page"}],"author":[{"embeddable":true,"href":"https:\/\/bpost.manpower.be\/fr\/wp-json\/wp\/v2\/users\/8"}],"replies":[{"embeddable":true,"href":"https:\/\/bpost.manpower.be\/fr\/wp-json\/wp\/v2\/comments?post=943"}],"version-history":[{"count":9,"href":"https:\/\/bpost.manpower.be\/fr\/wp-json\/wp\/v2\/pages\/943\/revisions"}],"predecessor-version":[{"id":6467,"href":"https:\/\/bpost.manpower.be\/fr\/wp-json\/wp\/v2\/pages\/943\/revisions\/6467"}],"wp:attachment":[{"href":"https:\/\/bpost.manpower.be\/fr\/wp-json\/wp\/v2\/media?parent=943"}],"curies":[{"name":"wp","href":"https:\/\/api.w.org\/{rel}","templated":true}]}}